{"id":5923,"date":"2022-01-23T16:45:59","date_gmt":"2022-01-23T15:45:59","guid":{"rendered":"https:\/\/freielisteverda.andischnoz.ch\/?page_id=5923"},"modified":"2022-01-23T16:53:20","modified_gmt":"2022-01-23T15:53:20","slug":"elementor-5923","status":"publish","type":"page","link":"https:\/\/freielisteverda.andischnoz.ch\/?page_id=5923","title":{"rendered":"Alle Beitr\u00e4ge"},"content":{"rendered":"\t\t<div data-elementor-type=\"wp-page\" data-elementor-id=\"5923\" class=\"elementor elementor-5923\" data-elementor-post-type=\"page\">\n\t\t\t\t\t\t<section class=\"elementor-section elementor-top-section elementor-element elementor-element-3d840c16 elementor-section-boxed elementor-section-height-default elementor-section-height-default\" data-id=\"3d840c16\" data-element_type=\"section\" data-e-type=\"section\">\n\t\t\t\t\t\t<div class=\"elementor-container elementor-column-gap-default\">\n\t\t\t\t\t<div class=\"elementor-column elementor-col-100 elementor-top-column elementor-element elementor-element-5b573dd0\" data-id=\"5b573dd0\" data-element_type=\"column\" data-e-type=\"column\">\n\t\t\t<div class=\"elementor-widget-wrap elementor-element-populated\">\n\t\t\t\t\t\t<div class=\"elementor-element elementor-element-6977635c elementor-widget elementor-widget-text-editor\" data-id=\"6977635c\" data-element_type=\"widget\" data-e-type=\"widget\" data-widget_type=\"text-editor.default\">\n\t\t\t\t<div class=\"elementor-widget-container\">\n\t\t\t\t\t\t\t\t\t<h1 style=\"text-align: center;\">ALLE BEITR\u00c4GE<\/h1>\t\t\t\t\t\t\t\t<\/div>\n\t\t\t\t<\/div>\n\t\t\t\t\t<\/div>\n\t\t<\/div>\n\t\t\t\t\t<\/div>\n\t\t<\/section>\n\t\t\t\t<section class=\"elementor-section elementor-top-section elementor-element elementor-element-35d1d55 elementor-section-boxed elementor-section-height-default elementor-section-height-default\" data-id=\"35d1d55\" data-element_type=\"section\" data-e-type=\"section\">\n\t\t\t\t\t\t<div class=\"elementor-container elementor-column-gap-default\">\n\t\t\t\t\t<div class=\"elementor-column elementor-col-100 elementor-top-column elementor-element elementor-element-dff6882\" data-id=\"dff6882\" data-element_type=\"column\" data-e-type=\"column\">\n\t\t\t<div class=\"elementor-widget-wrap elementor-element-populated\">\n\t\t\t\t\t\t<div class=\"elementor-element elementor-element-6bef810 elementor-widget elementor-widget-eael-post-timeline\" data-id=\"6bef810\" data-element_type=\"widget\" data-e-type=\"widget\" data-widget_type=\"eael-post-timeline.default\">\n\t\t\t\t<div class=\"elementor-widget-container\">\n\t\t\t\t\t<div id=\"eael-post-timeline-6bef810\" class=\"eael-post-timeline timeline-layout-default eael-post-timeline-arrow-\">\n            <div class=\"eael-post-timeline eael-post-appender eael-post-appender-6bef810\"><article class=\"eael-timeline-post eael-timeline-column\">\n    <div class=\"eael-timeline-bullet\"><\/div>\n    <div class=\"eael-timeline-post-inner\">\n        <a class=\"eael-timeline-post-link\" href=\"https:\/\/freielisteverda.andischnoz.ch\/?p=6052\" title=\"Stadtklima-Initiative erfolgreich eingereicht\">\n            <time datetime=\"8. November 2022\">8. November 2022<\/time>\n            <div class=\"eael-timeline-post-image  attachment-medium size-medium\" style=\"background-image: url(https:\/\/freielisteverda.andischnoz.ch\/wp-content\/uploads\/2022\/08\/stadtklimainitiative-300x169.jpg);\"><\/div><div class=\"eael-timeline-post-excerpt\"><p>Welche Massnahmen werden f\u00fcr das Aggloprogramm vorgeschlagen: f\u00fcr den Langsamverkehr,...<\/p><\/div><div class=\"eael-timeline-post-title\">\n                    <h2 class=\"eael-timeline-post-title-text\">Stadtklima-Initiative erfolgreich eingereicht<\/h2>\n                <\/div><\/a>\n    <\/div>\n<\/article><article class=\"eael-timeline-post eael-timeline-column\">\n    <div class=\"eael-timeline-bullet\"><\/div>\n    <div class=\"eael-timeline-post-inner\">\n        <a class=\"eael-timeline-post-link\" href=\"https:\/\/freielisteverda.andischnoz.ch\/?p=6012\" title=\"Die \u00abStadtklima-Initiative\u00bb wird auch in Chur lanciert\">\n            <time datetime=\"4. Mai 2022\">4. Mai 2022<\/time>\n            <div class=\"eael-timeline-post-image  attachment-medium size-medium\" style=\"background-image: url(https:\/\/freielisteverda.andischnoz.ch\/wp-content\/uploads\/2022\/05\/logo_ski-300x223.jpg);\"><\/div><div class=\"eael-timeline-post-excerpt\"><p>Welche Massnahmen werden f\u00fcr das Aggloprogramm vorgeschlagen: f\u00fcr den Langsamverkehr,...<\/p><\/div><div class=\"eael-timeline-post-title\">\n                    <h2 class=\"eael-timeline-post-title-text\">Die \u00abStadtklima-Initiative\u00bb wird auch in Chur lanciert<\/h2>\n                <\/div><\/a>\n    <\/div>\n<\/article><article class=\"eael-timeline-post eael-timeline-column\">\n    <div class=\"eael-timeline-bullet\"><\/div>\n    <div class=\"eael-timeline-post-inner\">\n        <a class=\"eael-timeline-post-link\" href=\"https:\/\/freielisteverda.andischnoz.ch\/?p=5948\" title=\"Gedanken eines Neo-Churers\">\n            <time datetime=\"27. November 2021\">27. November 2021<\/time>\n            <div class=\"eael-timeline-post-image  attachment-medium size-medium\" style=\"background-image: url(https:\/\/freielisteverda.andischnoz.ch\/wp-content\/uploads\/2022\/01\/261666697_10225655053713121_457508400733762254_n-1-300x222.jpg);\"><\/div><div class=\"eael-timeline-post-excerpt\"><p><\/p><\/div><div class=\"eael-timeline-post-title\">\n                    <h2 class=\"eael-timeline-post-title-text\">Gedanken eines Neo-Churers<\/h2>\n                <\/div><\/a>\n    <\/div>\n<\/article><article class=\"eael-timeline-post eael-timeline-column\">\n    <div class=\"eael-timeline-bullet\"><\/div>\n    <div class=\"eael-timeline-post-inner\">\n        <a class=\"eael-timeline-post-link\" href=\"https:\/\/freielisteverda.andischnoz.ch\/?p=5801\" title=\"STEK-Chur 2050\">\n            <time datetime=\"31. August 2021\">31. August 2021<\/time>\n            <div class=\"eael-timeline-post-image  attachment-medium size-medium\" style=\"background-image: url(https:\/\/freielisteverda.andischnoz.ch\/wp-content\/uploads\/2021\/08\/210301_perlen_chur-300x213.jpg);\"><\/div><div class=\"eael-timeline-post-excerpt\"><p>Welche Massnahmen werden f\u00fcr das Aggloprogramm vorgeschlagen: f\u00fcr den Langsamverkehr,...<\/p><\/div><div class=\"eael-timeline-post-title\">\n                    <h2 class=\"eael-timeline-post-title-text\">STEK-Chur 2050<\/h2>\n                <\/div><\/a>\n    <\/div>\n<\/article><article class=\"eael-timeline-post eael-timeline-column\">\n    <div class=\"eael-timeline-bullet\"><\/div>\n    <div class=\"eael-timeline-post-inner\">\n        <a class=\"eael-timeline-post-link\" href=\"https:\/\/freielisteverda.andischnoz.ch\/?p=5679\" title=\"ChurOffa II: Strassenkunst in der Churer Altstadt\">\n            <time datetime=\"14. Juli 2021\">14. Juli 2021<\/time>\n            <div class=\"eael-timeline-post-image  attachment-medium size-medium\" style=\"background-image: url(https:\/\/freielisteverda.andischnoz.ch\/wp-content\/uploads\/2021\/07\/churoffa2-300x300.jpg);\"><\/div><div class=\"eael-timeline-post-excerpt\"><p>Welche Massnahmen werden f\u00fcr das Aggloprogramm vorgeschlagen: f\u00fcr den Langsamverkehr,...<\/p><\/div><div class=\"eael-timeline-post-title\">\n                    <h2 class=\"eael-timeline-post-title-text\">ChurOffa II: Strassenkunst in der Churer Altstadt<\/h2>\n                <\/div><\/a>\n    <\/div>\n<\/article><article class=\"eael-timeline-post eael-timeline-column\">\n    <div class=\"eael-timeline-bullet\"><\/div>\n    <div class=\"eael-timeline-post-inner\">\n        <a class=\"eael-timeline-post-link\" href=\"https:\/\/freielisteverda.andischnoz.ch\/?p=5652\" title=\"Stellungnahme zum Agglomerationsprogramm Chur der 4. Generation\">\n            <time datetime=\"20. Juni 2021\">20. Juni 2021<\/time>\n            <div class=\"eael-timeline-post-image  attachment-medium size-medium\" style=\"background-image: url(https:\/\/freielisteverda.andischnoz.ch\/wp-content\/uploads\/2021\/06\/chur-333919_1920-300x225.jpg);\"><\/div><div class=\"eael-timeline-post-excerpt\"><p>Welche Massnahmen werden f\u00fcr das Aggloprogramm vorgeschlagen: f\u00fcr den Langsamverkehr,...<\/p><\/div><div class=\"eael-timeline-post-title\">\n                    <h2 class=\"eael-timeline-post-title-text\">Stellungnahme zum Agglomerationsprogramm Chur der 4. Generation<\/h2>\n                <\/div><\/a>\n    <\/div>\n<\/article><article class=\"eael-timeline-post eael-timeline-column\">\n    <div class=\"eael-timeline-bullet\"><\/div>\n    <div class=\"eael-timeline-post-inner\">\n        <a class=\"eael-timeline-post-link\" href=\"https:\/\/freielisteverda.andischnoz.ch\/?p=5553\" title=\"Fragen zum Agglomerationsprogramm Chur der 4. Generation\">\n            <time datetime=\"11. M\u00e4rz 2021\">11. M\u00e4rz 2021<\/time>\n            <div class=\"eael-timeline-post-image  attachment-medium size-medium\" style=\"background-image: url(https:\/\/freielisteverda.andischnoz.ch\/wp-content\/uploads\/2021\/03\/traffic-3612474_1920-300x214.jpg);\"><\/div><div class=\"eael-timeline-post-excerpt\"><p>Welche Massnahmen werden f\u00fcr das Aggloprogramm vorgeschlagen: f\u00fcr den Langsamverkehr,...<\/p><\/div><div class=\"eael-timeline-post-title\">\n                    <h2 class=\"eael-timeline-post-title-text\">Fragen zum Agglomerationsprogramm Chur der 4. Generation<\/h2>\n                <\/div><\/a>\n    <\/div>\n<\/article><article class=\"eael-timeline-post eael-timeline-column\">\n    <div class=\"eael-timeline-bullet\"><\/div>\n    <div class=\"eael-timeline-post-inner\">\n        <a class=\"eael-timeline-post-link\" href=\"https:\/\/freielisteverda.andischnoz.ch\/?p=5162\" title=\"Schul- und Sportanlage Ringstrasse\">\n            <time datetime=\"7. M\u00e4rz 2021\">7. M\u00e4rz 2021<\/time>\n            <div class=\"eael-timeline-post-image  attachment-medium size-medium\" style=\"background-image: url(https:\/\/freielisteverda.andischnoz.ch\/wp-content\/uploads\/2021\/03\/ringstrasse-chur-visualisierung-1500x427-1920x-1-300x226.jpg);\"><\/div><div class=\"eael-timeline-post-excerpt\"><p>Projektbeurteilung Die Freie Liste Verda anerkennt die Notwendigkeit der neuen...<\/p><\/div><div class=\"eael-timeline-post-title\">\n                    <h2 class=\"eael-timeline-post-title-text\">Schul- und Sportanlage Ringstrasse<\/h2>\n                <\/div><\/a>\n    <\/div>\n<\/article><article class=\"eael-timeline-post eael-timeline-column\">\n    <div class=\"eael-timeline-bullet\"><\/div>\n    <div class=\"eael-timeline-post-inner\">\n        <a class=\"eael-timeline-post-link\" href=\"https:\/\/freielisteverda.andischnoz.ch\/?p=5519\" title=\"Energiestadt Chur\">\n            <time datetime=\"11. September 2020\">11. September 2020<\/time>\n            <div class=\"eael-timeline-post-image  attachment-medium size-medium\" style=\"background-image: url(https:\/\/freielisteverda.andischnoz.ch\/wp-content\/uploads\/2021\/03\/Chur-West2_A.Mazzetta-Kopie-300x200.jpg);\"><\/div><div class=\"eael-timeline-post-excerpt\"><p>Die Energiestadt Chur soll die geforderten Massnahmen zu 75% erf\u00fcllen...<\/p><\/div><div class=\"eael-timeline-post-title\">\n                    <h2 class=\"eael-timeline-post-title-text\">Energiestadt Chur<\/h2>\n                <\/div><\/a>\n    <\/div>\n<\/article><article class=\"eael-timeline-post eael-timeline-column\">\n    <div class=\"eael-timeline-bullet\"><\/div>\n    <div class=\"eael-timeline-post-inner\">\n        <a class=\"eael-timeline-post-link\" href=\"https:\/\/freielisteverda.andischnoz.ch\/?p=4858\" title=\"&#8222;Chur offa&#8220; 2020\">\n            <time datetime=\"11. August 2020\">11. August 2020<\/time>\n            <div class=\"eael-timeline-post-image  attachment-medium size-medium\" style=\"background-image: url(https:\/\/freielisteverda.andischnoz.ch\/wp-content\/uploads\/2021\/03\/2020_08_sehr_chur_chur_offa-300x300.jpg);\"><\/div><div class=\"eael-timeline-post-excerpt\"><p>&#8222;Chur offa&#8220; 2020 Das Churer Fest f\u00e4llt dieses Jahr wegen...<\/p><\/div><div class=\"eael-timeline-post-title\">\n                    <h2 class=\"eael-timeline-post-title-text\">&#8222;Chur offa&#8220; 2020<\/h2>\n                <\/div><\/a>\n    <\/div>\n<\/article><article class=\"eael-timeline-post eael-timeline-column\">\n    <div class=\"eael-timeline-bullet\"><\/div>\n    <div class=\"eael-timeline-post-inner\">\n        <a class=\"eael-timeline-post-link\" href=\"https:\/\/freielisteverda.andischnoz.ch\/?p=5446\" title=\"Untersuchung des Grundwassers auf Pestizidr\u00fcckst\u00e4nde\">\n            <time datetime=\"5. M\u00e4rz 2020\">5. M\u00e4rz 2020<\/time>\n            <div class=\"eael-timeline-post-image  attachment-medium size-medium\" style=\"background-image: url(https:\/\/freielisteverda.andischnoz.ch\/wp-content\/uploads\/2021\/03\/hands-4903050_1920-300x200.jpg);\"><\/div><div class=\"eael-timeline-post-excerpt\"><p>Am 25. 3. 2020 wurde das Grundwasser auf Chlorothalonil untersucht....<\/p><\/div><div class=\"eael-timeline-post-title\">\n                    <h2 class=\"eael-timeline-post-title-text\">Untersuchung des Grundwassers auf Pestizidr\u00fcckst\u00e4nde<\/h2>\n                <\/div><\/a>\n    <\/div>\n<\/article><\/div>\n\t\t<\/div>\t\t\t\t<\/div>\n\t\t\t\t<\/div>\n\t\t\t\t\t<\/div>\n\t\t<\/div>\n\t\t\t\t\t<\/div>\n\t\t<\/section>\n\t\t\t\t<\/div>\n\t\t","protected":false},"excerpt":{"rendered":"<p>ALLE BEITR\u00c4GE 31. August 2021 Welche Massnahmen werden f\u00fcr das Aggloprogramm vorgeschlagen: f\u00fcr den Langsamverkehr,&#8230; STEK-Chur 2050 14. Juli 2021 Welche Massnahmen werden f\u00fcr das Aggloprogramm vorgeschlagen: f\u00fcr den Langsamverkehr,&#8230; [&hellip;]<\/p>\n","protected":false},"author":1,"featured_media":0,"parent":0,"menu_order":0,"comment_status":"closed","ping_status":"closed","template":"","meta":{"footnotes":""},"class_list":["post-5923","page","type-page","status-publish","hentry"],"_links":{"self":[{"href":"https:\/\/freielisteverda.andischnoz.ch\/index.php?rest_route=\/wp\/v2\/pages\/5923","targetHints":{"allow":["GET"]}}],"collection":[{"href":"https:\/\/freielisteverda.andischnoz.ch\/index.php?rest_route=\/wp\/v2\/pages"}],"about":[{"href":"https:\/\/freielisteverda.andischnoz.ch\/index.php?rest_route=\/wp\/v2\/types\/page"}],"author":[{"embeddable":true,"href":"https:\/\/freielisteverda.andischnoz.ch\/index.php?rest_route=\/wp\/v2\/users\/1"}],"replies":[{"embeddable":true,"href":"https:\/\/freielisteverda.andischnoz.ch\/index.php?rest_route=%2Fwp%2Fv2%2Fcomments&post=5923"}],"version-history":[{"count":13,"href":"https:\/\/freielisteverda.andischnoz.ch\/index.php?rest_route=\/wp\/v2\/pages\/5923\/revisions"}],"predecessor-version":[{"id":5940,"href":"https:\/\/freielisteverda.andischnoz.ch\/index.php?rest_route=\/wp\/v2\/pages\/5923\/revisions\/5940"}],"wp:attachment":[{"href":"https:\/\/freielisteverda.andischnoz.ch\/index.php?rest_route=%2Fwp%2Fv2%2Fmedia&parent=5923"}],"curies":[{"name":"wp","href":"https:\/\/api.w.org\/{rel}","templated":true}]}}